{"id":349,"date":"2020-08-20T16:14:13","date_gmt":"2020-08-20T16:14:13","guid":{"rendered":"https:\/\/www.santavilte.lt\/veiklos-sritys\/"},"modified":"2020-09-15T10:17:53","modified_gmt":"2020-09-15T10:17:53","slug":"%d1%81%d1%84%d0%b5%d1%80%d1%8b-%d0%b4%d0%b5%d1%8f%d1%82%d0%b5%d0%bb%d1%8c%d0%bd%d0%be%d1%81%d1%82%d0%b8","status":"publish","type":"page","link":"https:\/\/www.santavilte.lt\/ru\/%d1%81%d1%84%d0%b5%d1%80%d1%8b-%d0%b4%d0%b5%d1%8f%d1%82%d0%b5%d0%bb%d1%8c%d0%bd%d0%be%d1%81%d1%82%d0%b8\/","title":{"rendered":"\u0421\u0444\u0435\u0440\u044b \u0434\u0435\u044f\u0442\u0435\u043b\u044c\u043d\u043e\u0441\u0442\u0438"},"content":{"rendered":"<section class=\"l-section wpb_row height_medium\"><div class=\"l-section-overlay\" style=\"background:var(--color-content-link)\"><\/div><div class=\"l-section-h i-cf\"><div class=\"g-cols vc_row via_flex valign_top type_default stacking_default\"><div class=\"vc_col-sm-12 wpb_column vc_column_container\"><div class=\"vc_column-inner\"><div class=\"wpb_wrapper\"><div id=\"ultimate-heading-989269fc8b5b73199\" class=\"uvc-heading ult-adjust-bottom-margin ultimate-heading-989269fc8b5b73199 uvc-7312 \" data-hspacer=\"no_spacer\"  data-halign=\"center\" style=\"text-align:center\"><div class=\"uvc-heading-spacer no_spacer\" style=\"top\"><\/div><div class=\"uvc-main-heading ult-responsive\"  data-ultimate-target='.uvc-heading.ultimate-heading-989269fc8b5b73199 h1'  data-responsive-json-new='{\"font-size\":\"\",\"line-height\":\"\"}' ><h1 style=\"font-weight:normal;color:#ffffff;\">\u0421\u0444\u0435\u0440\u044b \u0434\u0435\u044f\u0442\u0435\u043b\u044c\u043d\u043e\u0441\u0442\u0438<\/h1><\/div><\/div><\/div><\/div><\/div><\/div><\/div><\/section><section class=\"l-section wpb_row height_medium\"><div class=\"l-section-h i-cf\"><div class=\"g-cols vc_row via_flex valign_top type_default stacking_default\"><div class=\"vc_col-sm-12 wpb_column vc_column_container\"><div class=\"vc_column-inner\"><div class=\"wpb_wrapper\"><div class=\"w-grid us_grid type_grid layout_88 cols_4 preload_style_spinner\" id=\"us_grid_1\" style=\"--columns:4;--gap:1.5rem;\" data-filterable=\"true\"><style>@media (max-width:1380px){#us_grid_1{--columns:3!important}}@media (max-width:1024px){#us_grid_1{--columns:2!important}}@media (max-width:600px){#us_grid_1{--columns:1!important}}.layout_88 .w-grid-item-h{background:#ffffff;box-shadow:0 0rem 0rem rgba(0,0,0,0.1),0 0rem 0rem rgba(0,0,0,0.1);transition-duration:0.3s}.no-touch .layout_88 .w-grid-item-h:hover{box-shadow:0 0.2rem 0.4rem rgba(0,0,0,0.1),0 0.67rem 2rem rgba(0,0,0,0.15);z-index:4}.layout_88 .usg_post_custom_field_1{transition-duration:0.3s;transform-origin:50% 50%;transform:scale(0.8) translate(0%,0%);opacity:0.8}.layout_88 .w-grid-item-h:focus-within .usg_post_custom_field_1,.layout_88 .w-grid-item-h:hover .usg_post_custom_field_1{transform:scale(0.85) translate(0%,-2%);opacity:0.45}.layout_88 .usg_vwrapper_1{transition-duration:0.3s;transform-origin:50% 50%;transform:scale(1) translate(0%,0%)}.layout_88 .w-grid-item-h:focus-within .usg_vwrapper_1,.layout_88 .w-grid-item-h:hover .usg_vwrapper_1{transform:scale(1) translate(0%,0%);opacity:1}.layout_88 .usg_post_title_1{transition-duration:0s;transform-origin:50% 50%;transform:scale(1) translate(0%,0%)}.layout_88 .w-grid-item-h:focus-within .usg_post_title_1,.layout_88 .w-grid-item-h:hover .usg_post_title_1{transform:scale(1) translate(0%,-2%);opacity:0;color:#333333!important}.layout_88 .usg_post_custom_field_2{transition-duration:0.3s;transform-origin:50% 50%;transform:scale(1) translate(0%,0%);opacity:0}.layout_88 .w-grid-item-h:focus-within .usg_post_custom_field_2,.layout_88 .w-grid-item-h:hover .usg_post_custom_field_2{transform:scale(1) translate(0%,0%);opacity:1}.layout_88 .usg_vwrapper_2{transition-duration:0.3s;transform-origin:50% 50%;transform:scale(1) translate(0%,0%);opacity:0}.layout_88 .w-grid-item-h:focus-within .usg_vwrapper_2,.layout_88 .w-grid-item-h:hover .usg_vwrapper_2{transform:scale(1) translate(0%,0%);opacity:1}.layout_88 .usg_post_title_2{transition-duration:0s;transform-origin:50% 50%;transform:scale(1) translate(0%,0%)}.layout_88 .w-grid-item-h:focus-within .usg_post_title_2,.layout_88 .w-grid-item-h:hover .usg_post_title_2{transform:scale(1) translate(0%,-2%);opacity:1;color:#ffffff!important}.layout_88 .usg_post_custom_field_1{text-align:center!important;width:55%!important}.layout_88 .usg_vwrapper_1{min-height:300px!important;padding:25px!important;box-shadow:0 0 30px 15px #f7f7f7!important}.layout_88 .usg_post_title_1{color:#555555!important;text-align:center!important;text-transform:uppercase!important;font-size:18px!important}.layout_88 .usg_post_custom_field_2{color:#ffffff!important;font-weight:300!important;font-size:18px!important}.layout_88 .usg_vwrapper_2{min-height:300px!important;padding-left:15px!important;padding-right:15px!important;position:absolute!important;left:0!important;top:0!important;bottom:0!important;right:0!important;background:rgba(51,153,255,0.70)!important}.layout_88 .usg_post_title_2{color:#ffffff!important;text-align:center!important;text-transform:uppercase!important;font-size:24px!important}<\/style><div class=\"w-grid-list\">\t<article class=\"w-grid-item size_1x1 post-371 paslaugos type-paslaugos status-publish has-post-thumbnail hentry kategorija-veiklos-sritys-ru\" data-id=\"371\">\r\n\t\t<div class=\"w-grid-item-h\">\r\n\t\t\t\t\t\t\t<a href=\"https:\/\/www.santavilte.lt\/ru\/paslaugos\/\u0430\u0432\u0442\u043e\u043c\u0430\u0442\u0438\u0437\u0430\u0446\u0438\u044f-\u0437\u0434\u0430\u043d\u0438\u0439\/\" class=\"w-grid-item-anchor\" aria-label=\"\u0410\u0432\u0442\u043e\u043c\u0430\u0442\u0438\u0437\u0430\u0446\u0438\u044f \u0437\u0434\u0430\u043d\u0438\u0439\"><\/a>\r\n\t\t\t\t\t\t<div class=\"w-vwrapper usg_vwrapper_1 align_center valign_middle\"><div class=\"w-post-elm post_custom_field usg_post_custom_field_1 type_image paslaugos_icona color_link_inherit\"><img loading=\"lazy\" decoding=\"async\" width=\"285\" height=\"322\" src=\"https:\/\/www.santavilte.lt\/wp-content\/uploads\/2020\/08\/icons__06-1.svg\" class=\"attachment-medium size-medium\" alt=\"\" \/><\/div><h3 class=\"w-post-elm post_title usg_post_title_1 has_text_color entry-title color_link_inherit\">\u0410\u0432\u0442\u043e\u043c\u0430\u0442\u0438\u0437\u0430\u0446\u0438\u044f \u0437\u0434\u0430\u043d\u0438\u0439<\/h3><\/div><div class=\"w-vwrapper usg_vwrapper_2 align_center valign_middle\"><h3 class=\"w-post-elm post_title usg_post_title_2 has_text_color entry-title color_link_inherit\">\u0410\u0432\u0442\u043e\u043c\u0430\u0442\u0438\u0437\u0430\u0446\u0438\u044f \u0437\u0434\u0430\u043d\u0438\u0439<\/h3><p class=\"w-post-elm post_custom_field usg_post_custom_field_2 has_text_color type_text paslaugos_trumpas_aprasymas color_link_inherit\"><span class=\"w-post-elm-value\">\u041c\u044b \u043f\u0440\u0435\u0434\u043b\u0430\u0433\u0430\u0435\u043c \u0441\u0438\u0441\u0442\u0435\u043c\u044b \u0430\u0432\u0442\u043e\u043c\u0430\u0442\u0438\u0437\u0430\u0446\u0438\u0438 \u0437\u0434\u0430\u043d\u0438\u0439 \u0438 \u00ab\u0443\u043c\u043d\u044b\u0439 \u0434\u043e\u043c\u00bb<\/span><\/p><\/div>\t\t<\/div>\r\n\t\t\t<\/article>\r\n\t<article class=\"w-grid-item size_1x1 post-374 paslaugos type-paslaugos status-publish has-post-thumbnail hentry kategorija-veiklos-sritys-ru\" data-id=\"374\">\r\n\t\t<div class=\"w-grid-item-h\">\r\n\t\t\t\t\t\t\t<a href=\"https:\/\/www.santavilte.lt\/ru\/paslaugos\/\u043c\u0435\u0445\u0430\u0442\u0440\u043e\u043d\u0438\u043a\u0430-\u0438-\u0440\u043e\u0431\u043e\u0442\u0438\u043a\u0430\/\" class=\"w-grid-item-anchor\" aria-label=\"\u041c\u0435\u0445\u0430\u0442\u0440\u043e\u043d\u0438\u043a\u0430 \u0438 \u0440\u043e\u0431\u043e\u0442\u0438\u043a\u0430\"><\/a>\r\n\t\t\t\t\t\t<div class=\"w-vwrapper usg_vwrapper_1 align_center valign_middle\"><div class=\"w-post-elm post_custom_field usg_post_custom_field_1 type_image paslaugos_icona color_link_inherit\"><img loading=\"lazy\" decoding=\"async\" width=\"285\" height=\"322\" src=\"https:\/\/www.santavilte.lt\/wp-content\/uploads\/2020\/08\/icons__10-1.svg\" class=\"attachment-medium size-medium\" alt=\"\" \/><\/div><h3 class=\"w-post-elm post_title usg_post_title_1 has_text_color entry-title color_link_inherit\">\u041c\u0435\u0445\u0430\u0442\u0440\u043e\u043d\u0438\u043a\u0430 \u0438 \u0440\u043e\u0431\u043e\u0442\u0438\u043a\u0430<\/h3><\/div><div class=\"w-vwrapper usg_vwrapper_2 align_center valign_middle\"><h3 class=\"w-post-elm post_title usg_post_title_2 has_text_color entry-title color_link_inherit\">\u041c\u0435\u0445\u0430\u0442\u0440\u043e\u043d\u0438\u043a\u0430 \u0438 \u0440\u043e\u0431\u043e\u0442\u0438\u043a\u0430<\/h3><p class=\"w-post-elm post_custom_field usg_post_custom_field_2 has_text_color type_text paslaugos_trumpas_aprasymas color_link_inherit\"><span class=\"w-post-elm-value\">\u0420\u0430\u0437\u0440\u0430\u0431\u0430\u0442\u044b\u0432\u0430\u0435\u043c, \u043f\u0440\u043e\u0438\u0437\u0432\u043e\u0434\u0438\u043c \u0438 \u0432\u043d\u0435\u0434\u0440\u044f\u0435\u043c \u0441\u0438\u0441\u0442\u0435\u043c\u044b \u043c\u0435\u0445\u0430\u0442\u0440\u043e\u043d\u0438\u043a\u0438 \u0438 \u0440\u043e\u0431\u043e\u0442\u043e\u0442\u0435\u0445\u043d\u0438\u043a\u0438.<\/span><\/p><\/div>\t\t<\/div>\r\n\t\t\t<\/article>\r\n\t<article class=\"w-grid-item size_1x1 post-376 paslaugos type-paslaugos status-publish has-post-thumbnail hentry kategorija-veiklos-sritys-ru\" data-id=\"376\">\r\n\t\t<div class=\"w-grid-item-h\">\r\n\t\t\t\t\t\t\t<a href=\"https:\/\/www.santavilte.lt\/ru\/paslaugos\/\u0430\u0432\u0442\u043e\u043c\u0430\u0442\u0438\u0437\u0430\u0446\u0438\u044f-\u043f\u0440\u043e\u0446\u0435\u0441\u0441\u043e\u0432\/\" class=\"w-grid-item-anchor\" aria-label=\"\u0410\u0432\u0442\u043e\u043c\u0430\u0442\u0438\u0437\u0430\u0446\u0438\u044f \u043f\u0440\u043e\u0446\u0435\u0441\u0441\u043e\u0432\"><\/a>\r\n\t\t\t\t\t\t<div class=\"w-vwrapper usg_vwrapper_1 align_center valign_middle\"><div class=\"w-post-elm post_custom_field usg_post_custom_field_1 type_image paslaugos_icona color_link_inherit\"><img loading=\"lazy\" decoding=\"async\" width=\"285\" height=\"322\" src=\"https:\/\/www.santavilte.lt\/wp-content\/uploads\/2020\/08\/icons__09-1.svg\" class=\"attachment-medium size-medium\" alt=\"\" \/><\/div><h3 class=\"w-post-elm post_title usg_post_title_1 has_text_color entry-title color_link_inherit\">\u0410\u0432\u0442\u043e\u043c\u0430\u0442\u0438\u0437\u0430\u0446\u0438\u044f \u043f\u0440\u043e\u0446\u0435\u0441\u0441\u043e\u0432<\/h3><\/div><div class=\"w-vwrapper usg_vwrapper_2 align_center valign_middle\"><h3 class=\"w-post-elm post_title usg_post_title_2 has_text_color entry-title color_link_inherit\">\u0410\u0432\u0442\u043e\u043c\u0430\u0442\u0438\u0437\u0430\u0446\u0438\u044f \u043f\u0440\u043e\u0446\u0435\u0441\u0441\u043e\u0432<\/h3><p class=\"w-post-elm post_custom_field usg_post_custom_field_2 has_text_color type_text paslaugos_trumpas_aprasymas color_link_inherit\"><span class=\"w-post-elm-value\">\u041c\u044b \u043f\u0440\u0435\u0434\u043b\u0430\u0433\u0430\u0435\u043c SCADA \/ HMI, \u041f\u041b\u041a  \u043f\u0440\u043e\u0433\u0440\u0430\u043c\u043c\u0438\u0440\u043e\u0432\u0430\u043d\u0438\u0435 \u0438 \u043f\u0440\u043e\u0435\u043a\u0442\u0438\u0440\u043e\u0432\u0430\u043d\u0438\u0435 \u0432 \u043e\u0431\u043b\u0430\u0441\u0442\u0438 \u0430\u0432\u0442\u043e\u043c\u0430\u0442\u0438\u0437\u0430\u0446\u0438\u0438 \u043f\u0440\u043e\u0446\u0435\u0441\u0441\u043e\u0432, \u0432\u043a\u043b\u044e\u0447\u0430\u044f \u0415\u0445 \u0437\u043e\u043d\u044b<\/span><\/p><\/div>\t\t<\/div>\r\n\t\t\t<\/article>\r\n\t<article class=\"w-grid-item size_1x1 post-378 paslaugos type-paslaugos status-publish has-post-thumbnail hentry kategorija-veiklos-sritys-ru\" data-id=\"378\">\r\n\t\t<div class=\"w-grid-item-h\">\r\n\t\t\t\t\t\t\t<a href=\"https:\/\/www.santavilte.lt\/ru\/paslaugos\/\u043c\u043e\u0440\u0441\u043a\u0430\u044f-\u0430\u0432\u0442\u043e\u043c\u0430\u0442\u0438\u043a\u0430\/\" class=\"w-grid-item-anchor\" aria-label=\"\u041c\u043e\u0440\u0441\u043a\u0430\u044f \u0430\u0432\u0442\u043e\u043c\u0430\u0442\u0438\u043a\u0430\"><\/a>\r\n\t\t\t\t\t\t<div class=\"w-vwrapper usg_vwrapper_1 align_center valign_middle\"><div class=\"w-post-elm post_custom_field usg_post_custom_field_1 type_image paslaugos_icona color_link_inherit\"><img loading=\"lazy\" decoding=\"async\" width=\"285\" height=\"322\" src=\"https:\/\/www.santavilte.lt\/wp-content\/uploads\/2020\/08\/icons__05-1.svg\" class=\"attachment-medium size-medium\" alt=\"\" \/><\/div><h3 class=\"w-post-elm post_title usg_post_title_1 has_text_color entry-title color_link_inherit\">\u041c\u043e\u0440\u0441\u043a\u0430\u044f \u0430\u0432\u0442\u043e\u043c\u0430\u0442\u0438\u043a\u0430<\/h3><\/div><div class=\"w-vwrapper usg_vwrapper_2 align_center valign_middle\"><h3 class=\"w-post-elm post_title usg_post_title_2 has_text_color entry-title color_link_inherit\">\u041c\u043e\u0440\u0441\u043a\u0430\u044f \u0430\u0432\u0442\u043e\u043c\u0430\u0442\u0438\u043a\u0430<\/h3><p class=\"w-post-elm post_custom_field usg_post_custom_field_2 has_text_color type_text paslaugos_trumpas_aprasymas color_link_inherit\"><span class=\"w-post-elm-value\">\u041f\u0440\u0435\u0434\u043b\u0430\u0433\u0430\u0435\u043c \u0438\u043d\u0434\u0438\u0432\u0438\u0434\u0443\u0430\u043b\u044c\u043d\u044b\u0435 \u0438 \u043a\u043e\u043c\u043f\u043b\u0435\u043a\u0441\u043d\u044b\u0435 \u0441\u0438\u0441\u0442\u0435\u043c\u044b \u0430\u0432\u0442\u043e\u043c\u0430\u0442\u0438\u0447\u0435\u0441\u043a\u043e\u0433\u043e \u0443\u043f\u0440\u0430\u0432\u043b\u0435\u043d\u0438\u044f \u0440\u044b\u0431\u043e\u043b\u043e\u0432\u043d\u044b\u0445 \u0438 \u0442\u0440\u0430\u043d\u0441\u043f\u043e\u0440\u0442\u043d\u044b\u0445 \u0441\u0443\u0434\u043e\u0432.<\/span><\/p><\/div>\t\t<\/div>\r\n\t\t\t<\/article>\r\n<\/div>\t<div class=\"w-grid-preloader\">\r\n\t\t<div class=\"g-preloader type_1\">\r\n\t\t\t<div><\/div>\r\n\t\t<\/div>\r\n\t<\/div>\r\n\t\t<div class=\"w-grid-json hidden\" onclick='return {&quot;action&quot;:&quot;us_ajax_grid&quot;,&quot;infinite_scroll&quot;:0,&quot;max_num_pages&quot;:1,&quot;pagination&quot;:&quot;none&quot;,&quot;template_vars&quot;:{&quot;columns&quot;:&quot;4&quot;,&quot;exclude_items&quot;:&quot;none&quot;,&quot;img_size&quot;:&quot;default&quot;,&quot;ignore_items_size&quot;:0,&quot;items_layout&quot;:&quot;88&quot;,&quot;items_offset&quot;:&quot;1&quot;,&quot;load_animation&quot;:&quot;none&quot;,&quot;overriding_link&quot;:&quot;%7B%22type%22%3A%22post%22%7D&quot;,&quot;post_id&quot;:0,&quot;query_args&quot;:{&quot;post_type&quot;:[&quot;paslaugos&quot;],&quot;tax_query&quot;:[{&quot;taxonomy&quot;:&quot;kategorija&quot;,&quot;field&quot;:&quot;slug&quot;,&quot;terms&quot;:[&quot;veiklos-sritys&quot;]}],&quot;post_status&quot;:[&quot;publish&quot;,&quot;acf-disabled&quot;],&quot;posts_per_page&quot;:&quot;10&quot;},&quot;orderby_query_args&quot;:{&quot;orderby&quot;:{&quot;date&quot;:&quot;DESC&quot;}},&quot;type&quot;:&quot;grid&quot;,&quot;us_grid_post_type&quot;:&quot;paslaugos&quot;,&quot;us_grid_ajax_index&quot;:1,&quot;us_grid_filter_query_string&quot;:null,&quot;us_grid_index&quot;:1,&quot;page_args&quot;:[],&quot;lang&quot;:&quot;ru&quot;}}'><\/div>\r\n\t<\/div><\/div><\/div><\/div><\/div><\/div><\/section>\n","protected":false},"excerpt":{"rendered":"\u041c\u043e\u0440\u0441\u043a\u0430\u044f \u0430\u0432\u0442\u043e\u043c\u0430\u0442\u0438\u043a\u0430UAB Santavilte teikia \u017evejybini\u0173 ir krovinini\u0173 laiv\u0173 pavienes bei kompleksines automatinio valdymo sistemas. Daugiau nei 13 met\u0173 patirtis laivyn\u0173 automatikoje leid\u017eia klientams pasi\u016blyti tokias paslaugas kaip \u0161aldymo, \u017euvies cecho, variklio skyriaus, parametr\u0173 monitoringo, SCADA, gervi\u0173 valdymo bei pana\u0161ias sistemas. Teikiame ir paleid\u017eiame \u0161aldymo kompresori\u0173, provizijos, kondicionieriaus, trium\u0173 ir \u0161aldymo garintuv\u0173, \u0161aldymo armat\u016bros, j\u016bros vandens...","protected":false},"author":6,"featured_media":0,"parent":0,"menu_order":0,"comment_status":"closed","ping_status":"closed","template":"","meta":{"_acf_changed":false,"footnotes":""},"class_list":["post-349","page","type-page","status-publish","hentry"],"acf":[],"_links":{"self":[{"href":"https:\/\/www.santavilte.lt\/ru\/wp-json\/wp\/v2\/pages\/349\/"}],"collection":[{"href":"https:\/\/www.santavilte.lt\/ru\/wp-json\/wp\/v2\/pages\/"}],"about":[{"href":"https:\/\/www.santavilte.lt\/ru\/wp-json\/wp\/v2\/types\/page\/"}],"author":[{"embeddable":true,"href":"https:\/\/www.santavilte.lt\/ru\/wp-json\/wp\/v2\/users\/6\/"}],"replies":[{"embeddable":true,"href":"https:\/\/www.santavilte.lt\/ru\/wp-json\/wp\/v2\/comments\/?post=349"}],"version-history":[{"count":1,"href":"https:\/\/www.santavilte.lt\/ru\/wp-json\/wp\/v2\/pages\/349\/revisions\/"}],"predecessor-version":[{"id":350,"href":"https:\/\/www.santavilte.lt\/ru\/wp-json\/wp\/v2\/pages\/349\/revisions\/350\/"}],"wp:attachment":[{"href":"https:\/\/www.santavilte.lt\/ru\/wp-json\/wp\/v2\/media\/?parent=349"}],"curies":[{"name":"wp","href":"https:\/\/api.w.org\/{rel}","templated":true}]}}