{"id":347,"date":"2020-08-04T12:07:26","date_gmt":"2020-08-04T12:07:26","guid":{"rendered":"https:\/\/www.santavilte.lt\/paslaugos\/"},"modified":"2020-09-15T10:18:38","modified_gmt":"2020-09-15T10:18:38","slug":"%d1%83%d1%81%d0%bb%d1%83%d0%b3%d0%b8","status":"publish","type":"page","link":"https:\/\/www.santavilte.lt\/ru\/%d1%83%d1%81%d0%bb%d1%83%d0%b3%d0%b8\/","title":{"rendered":"\u0423\u0441\u043b\u0443\u0433\u0438"},"content":{"rendered":"<section class=\"l-section wpb_row height_medium\"><div class=\"l-section-overlay\" style=\"background:var(--color-content-link)\"><\/div><div class=\"l-section-h i-cf\"><div class=\"g-cols vc_row via_flex valign_top type_default stacking_default\"><div class=\"vc_col-sm-12 wpb_column vc_column_container\"><div class=\"vc_column-inner\"><div class=\"wpb_wrapper\"><div id=\"ultimate-heading-499469da670d58a69\" class=\"uvc-heading ult-adjust-bottom-margin ultimate-heading-499469da670d58a69 uvc-2083 \" data-hspacer=\"no_spacer\"  data-halign=\"center\" style=\"text-align:center\"><div class=\"uvc-heading-spacer no_spacer\" style=\"top\"><\/div><div class=\"uvc-main-heading ult-responsive\"  data-ultimate-target='.uvc-heading.ultimate-heading-499469da670d58a69 h1'  data-responsive-json-new='{\"font-size\":\"\",\"line-height\":\"\"}' ><h1 style=\"font-weight:normal;color:#ffffff;\">\u0423\u0441\u043b\u0443\u0433\u0438<\/h1><\/div><\/div><\/div><\/div><\/div><\/div><\/div><\/section><section class=\"l-section wpb_row height_medium\"><div class=\"l-section-h i-cf\"><div class=\"g-cols vc_row via_flex valign_top type_default stacking_default\"><div class=\"vc_col-sm-12 wpb_column vc_column_container\"><div class=\"vc_column-inner\"><div class=\"wpb_wrapper\"><div class=\"w-grid us_grid type_grid layout_88 cols_4 preload_style_spinner\" id=\"us_grid_1\" style=\"--columns:4;--gap:1.5rem;\" data-filterable=\"true\"><style>@media (max-width:1380px){#us_grid_1{--columns:3!important}}@media (max-width:1024px){#us_grid_1{--columns:2!important}}@media (max-width:600px){#us_grid_1{--columns:1!important}}.layout_88 .w-grid-item-h{background:#ffffff;box-shadow:0 0rem 0rem rgba(0,0,0,0.1),0 0rem 0rem rgba(0,0,0,0.1);transition-duration:0.3s}.no-touch .layout_88 .w-grid-item-h:hover{box-shadow:0 0.2rem 0.4rem rgba(0,0,0,0.1),0 0.67rem 2rem rgba(0,0,0,0.15);z-index:4}.layout_88 .usg_post_custom_field_1{transition-duration:0.3s;transform-origin:50% 50%;transform:scale(0.8) translate(0%,0%);opacity:0.8}.layout_88 .w-grid-item-h:focus-within .usg_post_custom_field_1,.layout_88 .w-grid-item-h:hover .usg_post_custom_field_1{transform:scale(0.85) translate(0%,-2%);opacity:0.45}.layout_88 .usg_vwrapper_1{transition-duration:0.3s;transform-origin:50% 50%;transform:scale(1) translate(0%,0%)}.layout_88 .w-grid-item-h:focus-within .usg_vwrapper_1,.layout_88 .w-grid-item-h:hover .usg_vwrapper_1{transform:scale(1) translate(0%,0%);opacity:1}.layout_88 .usg_post_title_1{transition-duration:0s;transform-origin:50% 50%;transform:scale(1) translate(0%,0%)}.layout_88 .w-grid-item-h:focus-within .usg_post_title_1,.layout_88 .w-grid-item-h:hover .usg_post_title_1{transform:scale(1) translate(0%,-2%);opacity:0;color:#333333!important}.layout_88 .usg_post_custom_field_2{transition-duration:0.3s;transform-origin:50% 50%;transform:scale(1) translate(0%,0%);opacity:0}.layout_88 .w-grid-item-h:focus-within .usg_post_custom_field_2,.layout_88 .w-grid-item-h:hover .usg_post_custom_field_2{transform:scale(1) translate(0%,0%);opacity:1}.layout_88 .usg_vwrapper_2{transition-duration:0.3s;transform-origin:50% 50%;transform:scale(1) translate(0%,0%);opacity:0}.layout_88 .w-grid-item-h:focus-within .usg_vwrapper_2,.layout_88 .w-grid-item-h:hover .usg_vwrapper_2{transform:scale(1) translate(0%,0%);opacity:1}.layout_88 .usg_post_title_2{transition-duration:0s;transform-origin:50% 50%;transform:scale(1) translate(0%,0%)}.layout_88 .w-grid-item-h:focus-within .usg_post_title_2,.layout_88 .w-grid-item-h:hover .usg_post_title_2{transform:scale(1) translate(0%,-2%);opacity:1;color:#ffffff!important}.layout_88 .usg_post_custom_field_1{text-align:center!important;width:55%!important}.layout_88 .usg_vwrapper_1{min-height:300px!important;padding:25px!important;box-shadow:0 0 30px 15px #f7f7f7!important}.layout_88 .usg_post_title_1{color:#555555!important;text-align:center!important;text-transform:uppercase!important;font-size:18px!important}.layout_88 .usg_post_custom_field_2{color:#ffffff!important;font-weight:300!important;font-size:18px!important}.layout_88 .usg_vwrapper_2{min-height:300px!important;padding-left:15px!important;padding-right:15px!important;position:absolute!important;left:0!important;top:0!important;bottom:0!important;right:0!important;background:rgba(51,153,255,0.70)!important}.layout_88 .usg_post_title_2{color:#ffffff!important;text-align:center!important;text-transform:uppercase!important;font-size:24px!important}<\/style><div class=\"w-grid-list\">\t<article class=\"w-grid-item size_1x1 post-380 paslaugos type-paslaugos status-publish has-post-thumbnail hentry kategorija-paslaugos-ru\" data-id=\"380\">\r\n\t\t<div class=\"w-grid-item-h\">\r\n\t\t\t\t\t\t\t<a href=\"https:\/\/www.santavilte.lt\/ru\/paslaugos\/\u043e\u0431\u0443\u0447\u0435\u043d\u0438\u0435\/\" class=\"w-grid-item-anchor\" aria-label=\"\u041e\u0431\u0443\u0447\u0435\u043d\u0438\u0435\"><\/a>\r\n\t\t\t\t\t\t<div class=\"w-vwrapper usg_vwrapper_1 align_center valign_middle\"><div class=\"w-post-elm post_custom_field usg_post_custom_field_1 type_image paslaugos_icona color_link_inherit\"><img loading=\"lazy\" decoding=\"async\" width=\"285\" height=\"322\" src=\"https:\/\/www.santavilte.lt\/wp-content\/uploads\/2020\/08\/icons__08-1.svg\" class=\"attachment-medium size-medium\" alt=\"\" \/><\/div><h3 class=\"w-post-elm post_title usg_post_title_1 has_text_color entry-title color_link_inherit\">\u041e\u0431\u0443\u0447\u0435\u043d\u0438\u0435<\/h3><\/div><div class=\"w-vwrapper usg_vwrapper_2 align_center valign_middle\"><h3 class=\"w-post-elm post_title usg_post_title_2 has_text_color entry-title color_link_inherit\">\u041e\u0431\u0443\u0447\u0435\u043d\u0438\u0435<\/h3><p class=\"w-post-elm post_custom_field usg_post_custom_field_2 has_text_color type_text paslaugos_trumpas_aprasymas color_link_inherit\"><span class=\"w-post-elm-value\">\u041c\u044b \u043f\u0440\u0435\u0434\u043b\u0430\u0433\u0430\u0435\u043c \u0443\u0441\u043b\u0443\u0433\u0438 \u043f\u043e \u043e\u0431\u0443\u0447\u0435\u043d\u0438\u044e \u0440\u0430\u0431\u043e\u0442\u0435 \u0441 \u0442\u0430\u043a\u0438\u043c\u0438 \u043f\u0440\u043e\u0433\u0440\u0430\u043c\u043c\u043d\u044b\u043c\u0438 \u043f\u0430\u043a\u0435\u0442\u0430\u043c\u0438, \u043a\u0430\u043a TwinCAT, Zenon, Indusoft, Codesys<\/span><\/p><\/div>\t\t<\/div>\r\n\t\t\t<\/article>\r\n\t<article class=\"w-grid-item size_1x1 post-382 paslaugos type-paslaugos status-publish has-post-thumbnail hentry kategorija-paslaugos-ru\" data-id=\"382\">\r\n\t\t<div class=\"w-grid-item-h\">\r\n\t\t\t\t\t\t\t<a href=\"https:\/\/www.santavilte.lt\/ru\/paslaugos\/\u0442\u0435\u0445\u043e\u0431\u0441\u043b\u0443\u0436\u0438\u0432\u0430\u043d\u0438\u0435-\u0438-\u0441\u0435\u0440\u0432\u0438\u0441\/\" class=\"w-grid-item-anchor\" aria-label=\"\u0422\u0435\u0445\u043e\u0431\u0441\u043b\u0443\u0436\u0438\u0432\u0430\u043d\u0438\u0435 \u0438 \u0441\u0435\u0440\u0432\u0438\u0441\"><\/a>\r\n\t\t\t\t\t\t<div class=\"w-vwrapper usg_vwrapper_1 align_center valign_middle\"><div class=\"w-post-elm post_custom_field usg_post_custom_field_1 type_image paslaugos_icona color_link_inherit\"><img loading=\"lazy\" decoding=\"async\" width=\"285\" height=\"322\" src=\"https:\/\/www.santavilte.lt\/wp-content\/uploads\/2020\/08\/icons__03.svg\" class=\"attachment-medium size-medium\" alt=\"\" \/><\/div><h3 class=\"w-post-elm post_title usg_post_title_1 has_text_color entry-title color_link_inherit\">\u0422\u0435\u0445\u043e\u0431\u0441\u043b\u0443\u0436\u0438\u0432\u0430\u043d\u0438\u0435 \u0438 \u0441\u0435\u0440\u0432\u0438\u0441<\/h3><\/div><div class=\"w-vwrapper usg_vwrapper_2 align_center valign_middle\"><h3 class=\"w-post-elm post_title usg_post_title_2 has_text_color entry-title color_link_inherit\">\u0422\u0435\u0445\u043e\u0431\u0441\u043b\u0443\u0436\u0438\u0432\u0430\u043d\u0438\u0435 \u0438 \u0441\u0435\u0440\u0432\u0438\u0441<\/h3><p class=\"w-post-elm post_custom_field usg_post_custom_field_2 has_text_color type_text paslaugos_trumpas_aprasymas color_link_inherit\"><span class=\"w-post-elm-value\">\u041f\u0440\u0435\u0434\u043b\u0430\u0433\u0430\u0435\u043c \u0440\u0430\u0437\u043b\u0438\u0447\u043d\u044b\u0435 \u0430\u0443\u0434\u0438\u0442\u044b \u0441\u0438\u0441\u0442\u0435\u043c \u0430\u0432\u0442\u043e\u043c\u0430\u0442\u0438\u0447\u0435\u0441\u043a\u043e\u0433\u043e \u0443\u043f\u0440\u0430\u0432\u043b\u0435\u043d\u0438\u044f, \u0442\u0435\u0445\u043d\u0438\u0447\u0435\u0441\u043a\u043e\u0435 \u043e\u0431\u0441\u043b\u0443\u0436\u0438\u0432\u0430\u043d\u0438\u0435 \u0438 \u043f\u0440\u043e\u0444\u0438\u043b\u0430\u043a\u0442\u0438\u0447\u0435\u0441\u043a\u0438\u0435 \u0440\u0430\u0431\u043e\u0442\u044b.<\/span><\/p><\/div>\t\t<\/div>\r\n\t\t\t<\/article>\r\n\t<article class=\"w-grid-item size_1x1 post-384 paslaugos type-paslaugos status-publish has-post-thumbnail hentry kategorija-paslaugos-ru\" data-id=\"384\">\r\n\t\t<div class=\"w-grid-item-h\">\r\n\t\t\t\t\t\t\t<a href=\"https:\/\/www.santavilte.lt\/ru\/paslaugos\/\u043f\u0440\u043e\u0435\u043a\u0442\u0438\u0440\u043e\u0432\u0430\u043d\u0438\u0435-\u0438-\u0441\u0431\u043e\u0440\u043a\u0430-\u0449\u0438\u0442\u043e\u0432-\u0443\u043f\u0440\u0430\u0432\u043b\/\" class=\"w-grid-item-anchor\" aria-label=\"\u041f\u0440\u043e\u0435\u043a\u0442\u0438\u0440\u043e\u0432\u0430\u043d\u0438\u0435 \u0438 \u0441\u0431\u043e\u0440\u043a\u0430 \u0449\u0438\u0442\u043e\u0432 \u0443\u043f\u0440\u0430\u0432\u043b\u0435\u043d\u0438\u044f\"><\/a>\r\n\t\t\t\t\t\t<div class=\"w-vwrapper usg_vwrapper_1 align_center valign_middle\"><div class=\"w-post-elm post_custom_field usg_post_custom_field_1 type_image paslaugos_icona color_link_inherit\"><img loading=\"lazy\" decoding=\"async\" width=\"285\" height=\"322\" src=\"https:\/\/www.santavilte.lt\/wp-content\/uploads\/2020\/08\/icons__07-1.svg\" class=\"attachment-medium size-medium\" alt=\"\" \/><\/div><h3 class=\"w-post-elm post_title usg_post_title_1 has_text_color entry-title color_link_inherit\">\u041f\u0440\u043e\u0435\u043a\u0442\u0438\u0440\u043e\u0432\u0430\u043d\u0438\u0435 \u0438 \u0441\u0431\u043e\u0440\u043a\u0430 \u0449\u0438\u0442\u043e\u0432 \u0443\u043f\u0440\u0430\u0432\u043b\u0435\u043d\u0438\u044f<\/h3><\/div><div class=\"w-vwrapper usg_vwrapper_2 align_center valign_middle\"><h3 class=\"w-post-elm post_title usg_post_title_2 has_text_color entry-title color_link_inherit\">\u041f\u0440\u043e\u0435\u043a\u0442\u0438\u0440\u043e\u0432\u0430\u043d\u0438\u0435 \u0438 \u0441\u0431\u043e\u0440\u043a\u0430 \u0449\u0438\u0442\u043e\u0432 \u0443\u043f\u0440\u0430\u0432\u043b\u0435\u043d\u0438\u044f<\/h3><p class=\"w-post-elm post_custom_field usg_post_custom_field_2 has_text_color type_text paslaugos_trumpas_aprasymas color_link_inherit\"><span class=\"w-post-elm-value\">\u0412\u044b\u043f\u043e\u043b\u043d\u044f\u0435\u043c \u0440\u0430\u0431\u043e\u0442\u044b \u043f\u043e \u043f\u0440\u043e\u0435\u043a\u0442\u0438\u0440\u043e\u0432\u0430\u043d\u0438\u044e \u0438 \u043f\u0440\u043e\u0438\u0437\u0432\u043e\u0434\u0441\u0442\u0432\u0443 \u044d\u043b\u0435\u043a\u0442\u0440\u0438\u0447\u0435\u0441\u043a\u0438\u0445 \u0449\u0438\u0442\u043e\u0432 \u0438 \u0441\u0438\u0441\u0442\u0435\u043c \u0430\u0432\u0442\u043e\u043c\u0430\u0442\u0438\u0447\u0435\u0441\u043a\u043e\u0433\u043e \u0443\u043f\u0440\u0430\u0432\u043b\u0435\u043d\u0438\u044f.<\/span><\/p><\/div>\t\t<\/div>\r\n\t\t\t<\/article>\r\n\t<article class=\"w-grid-item size_1x1 post-369 paslaugos type-paslaugos status-publish has-post-thumbnail hentry kategorija-paslaugos-ru\" data-id=\"369\">\r\n\t\t<div class=\"w-grid-item-h\">\r\n\t\t\t\t\t\t\t<a href=\"https:\/\/www.santavilte.lt\/ru\/paslaugos\/\u043f\u0440\u043e\u0433\u0440\u0430\u043c\u043c\u0438\u0440\u043e\u0432\u0430\u043d\u0438\u0435\/\" class=\"w-grid-item-anchor\" aria-label=\"\u041f\u0440\u043e\u0433\u0440\u0430\u043c\u043c\u0438\u0440\u043e\u0432\u0430\u043d\u0438\u0435\"><\/a>\r\n\t\t\t\t\t\t<div class=\"w-vwrapper usg_vwrapper_1 align_center valign_middle\"><div class=\"w-post-elm post_custom_field usg_post_custom_field_1 type_image paslaugos_icona color_link_inherit\"><img loading=\"lazy\" decoding=\"async\" width=\"285\" height=\"322\" src=\"https:\/\/www.santavilte.lt\/wp-content\/uploads\/2020\/08\/icons__04.svg\" class=\"attachment-medium size-medium\" alt=\"\" \/><\/div><h3 class=\"w-post-elm post_title usg_post_title_1 has_text_color entry-title color_link_inherit\">\u041f\u0440\u043e\u0433\u0440\u0430\u043c\u043c\u0438\u0440\u043e\u0432\u0430\u043d\u0438\u0435<\/h3><\/div><div class=\"w-vwrapper usg_vwrapper_2 align_center valign_middle\"><h3 class=\"w-post-elm post_title usg_post_title_2 has_text_color entry-title color_link_inherit\">\u041f\u0440\u043e\u0433\u0440\u0430\u043c\u043c\u0438\u0440\u043e\u0432\u0430\u043d\u0438\u0435<\/h3><p class=\"w-post-elm post_custom_field usg_post_custom_field_2 has_text_color type_text paslaugos_trumpas_aprasymas color_link_inherit\"><span class=\"w-post-elm-value\">\u041f\u0440\u0435\u0434\u043b\u0430\u0433\u0430\u0435\u043c \u043f\u0440\u043e\u0433\u0440\u0430\u043c\u043c\u0438\u0440\u043e\u0432\u0430\u043d\u0438\u0435 \u0441\u0438\u0441\u0442\u0435\u043c \u0430\u0432\u0442\u043e\u043c\u0430\u0442\u0438\u0447\u0435\u0441\u043a\u043e\u0433\u043e \u0443\u043f\u0440\u0430\u0432\u043b\u0435\u043d\u0438\u044f, \u043e\u0431\u043c\u0435\u043d\u0430 \u0438 \u0441\u0431\u043e\u0440\u0430 \u0434\u0430\u043d\u043d\u044b\u0445, \u0440\u0430\u0441\u043f\u043e\u0437\u043d\u0430\u0432\u0430\u043d\u0438\u044f \u0438\u0437\u043e\u0431\u0440\u0430\u0436\u0435\u043d\u0438\u0439, \u043c\u0435\u0445\u0430\u0442\u0440\u043e\u043d\u0438\u043a\u0438 \u0438 \u0441\u0438\u0441\u0442\u0435\u043c \u0431\u0435\u0437\u043e\u043f\u0430\u0441\u043d\u043e\u0441\u0442\u0438.<\/span><\/p><\/div>\t\t<\/div>\r\n\t\t\t<\/article>\r\n<\/div>\t<div class=\"w-grid-preloader\">\r\n\t\t<div class=\"g-preloader type_1\">\r\n\t\t\t<div><\/div>\r\n\t\t<\/div>\r\n\t<\/div>\r\n\t\t<div class=\"w-grid-json hidden\" onclick='return {&quot;action&quot;:&quot;us_ajax_grid&quot;,&quot;infinite_scroll&quot;:0,&quot;max_num_pages&quot;:1,&quot;pagination&quot;:&quot;none&quot;,&quot;template_vars&quot;:{&quot;columns&quot;:&quot;4&quot;,&quot;exclude_items&quot;:&quot;none&quot;,&quot;img_size&quot;:&quot;default&quot;,&quot;ignore_items_size&quot;:0,&quot;items_layout&quot;:&quot;88&quot;,&quot;items_offset&quot;:&quot;1&quot;,&quot;load_animation&quot;:&quot;none&quot;,&quot;overriding_link&quot;:&quot;%7B%22type%22%3A%22post%22%7D&quot;,&quot;post_id&quot;:0,&quot;query_args&quot;:{&quot;post_type&quot;:[&quot;paslaugos&quot;],&quot;tax_query&quot;:[{&quot;taxonomy&quot;:&quot;kategorija&quot;,&quot;field&quot;:&quot;slug&quot;,&quot;terms&quot;:[&quot;paslaugos&quot;]}],&quot;post_status&quot;:[&quot;publish&quot;,&quot;acf-disabled&quot;],&quot;posts_per_page&quot;:999},&quot;orderby_query_args&quot;:{&quot;orderby&quot;:{&quot;date&quot;:&quot;DESC&quot;}},&quot;type&quot;:&quot;grid&quot;,&quot;us_grid_post_type&quot;:&quot;paslaugos&quot;,&quot;us_grid_ajax_index&quot;:1,&quot;us_grid_filter_query_string&quot;:null,&quot;us_grid_index&quot;:1,&quot;page_args&quot;:[],&quot;lang&quot;:&quot;ru&quot;}}'><\/div>\r\n\t<\/div><\/div><\/div><\/div><\/div><\/div><\/section>\n","protected":false},"excerpt":{"rendered":"\u041f\u0440\u043e\u0433\u0440\u0430\u043c\u043c\u0438\u0440\u043e\u0432\u0430\u043d\u0438\u0435UAB Santavilte, turinti patyrusius ir auk\u0161tos kvalifikacijos darbuotojus, didesn\u0119 nei 17m veiklos patirt\u012f teikia automatinio valdymo sistem\u0173 (programuojam\u0173j\u0173 logini\u0173 valdikli\u0173), duomen\u0173 main\u0173 ir surinkimo, vaizd\u0173 atpa\u017einimo, mechatronini\u0173, robotini\u0173 bei saugos sistem\u0173 programavimo paslaugas Codesys, TwinCAT ir Robo DK programiniais paketais. Patyr\u0119 specialistai atlieka nauj\u0173 vizualizacijos (HMI ir SCADA) sistem\u0173 k\u016brim\u0105, atnaujinim\u0105 ir j\u0173 suderinamum\u0105 su...","protected":false},"author":6,"featured_media":0,"parent":0,"menu_order":0,"comment_status":"closed","ping_status":"closed","template":"","meta":{"_acf_changed":false,"footnotes":""},"class_list":["post-347","page","type-page","status-publish","hentry"],"acf":[],"_links":{"self":[{"href":"https:\/\/www.santavilte.lt\/ru\/wp-json\/wp\/v2\/pages\/347\/"}],"collection":[{"href":"https:\/\/www.santavilte.lt\/ru\/wp-json\/wp\/v2\/pages\/"}],"about":[{"href":"https:\/\/www.santavilte.lt\/ru\/wp-json\/wp\/v2\/types\/page\/"}],"author":[{"embeddable":true,"href":"https:\/\/www.santavilte.lt\/ru\/wp-json\/wp\/v2\/users\/6\/"}],"replies":[{"embeddable":true,"href":"https:\/\/www.santavilte.lt\/ru\/wp-json\/wp\/v2\/comments\/?post=347"}],"version-history":[{"count":1,"href":"https:\/\/www.santavilte.lt\/ru\/wp-json\/wp\/v2\/pages\/347\/revisions\/"}],"predecessor-version":[{"id":359,"href":"https:\/\/www.santavilte.lt\/ru\/wp-json\/wp\/v2\/pages\/347\/revisions\/359\/"}],"wp:attachment":[{"href":"https:\/\/www.santavilte.lt\/ru\/wp-json\/wp\/v2\/media\/?parent=347"}],"curies":[{"name":"wp","href":"https:\/\/api.w.org\/{rel}","templated":true}]}}