{"id":343,"date":"2020-08-04T11:10:51","date_gmt":"2020-08-04T11:10:51","guid":{"rendered":"https:\/\/www.santavilte.lt\/apie-mus\/"},"modified":"2020-11-25T07:23:35","modified_gmt":"2020-11-25T07:23:35","slug":"%d0%be-%d0%bd%d0%b0%d1%81","status":"publish","type":"page","link":"https:\/\/www.santavilte.lt\/ru\/%d0%be-%d0%bd%d0%b0%d1%81\/","title":{"rendered":"\u041e \u043d\u0430\u0441"},"content":{"rendered":"<section class=\"l-section wpb_row height_medium\"><div class=\"l-section-overlay\" style=\"background:var(--color-content-link)\"><\/div><div class=\"l-section-h i-cf\"><div class=\"g-cols vc_row via_flex valign_top type_default stacking_default\"><div class=\"vc_col-sm-12 wpb_column vc_column_container\"><div class=\"vc_column-inner\"><div class=\"wpb_wrapper\"><div id=\"ultimate-heading-688169da64f191a21\" class=\"uvc-heading ult-adjust-bottom-margin ultimate-heading-688169da64f191a21 uvc-694 \" data-hspacer=\"no_spacer\"  data-halign=\"center\" style=\"text-align:center\"><div class=\"uvc-heading-spacer no_spacer\" style=\"top\"><\/div><div class=\"uvc-main-heading ult-responsive\"  data-ultimate-target='.uvc-heading.ultimate-heading-688169da64f191a21 h1'  data-responsive-json-new='{\"font-size\":\"\",\"line-height\":\"\"}' ><h1 style=\"font-weight:normal;color:#ffffff;\">\u041e \u043d\u0430\u0441<\/h1><\/div><\/div><\/div><\/div><\/div><\/div><\/div><\/section><section class=\"l-section wpb_row height_medium\"><div class=\"l-section-overlay\" style=\"background:#fbfbfb\"><\/div><div class=\"l-section-h i-cf\"><div class=\"g-cols vc_row via_flex valign_top type_default stacking_default\"><div class=\"vc_col-sm-12 wpb_column vc_column_container\"><div class=\"vc_column-inner\"><div class=\"wpb_wrapper\"><div class=\"wpb_text_column\"><div class=\"wpb_wrapper\"><p><strong>UAB Santavilte<\/strong> yra \u012fmon\u0117 turinti daugiau nei 18 met\u0173 tarptautin\u0117s patirties automatikos ir elektros in\u017einerijos srityse bei atlieka elektros ir mechatronini\u0173 sistem\u0173 modeliavimo, elektros ir valdymo sistem\u0173 projektavimo, j\u0117gos ir valdymo spint\u0173 surinkimo, PLV pramonini\u0173 ir \u012fterptini\u0173 kompiuteri\u0173, SCADA ir monitoringo programavimo, \u0161iuolaikini\u0173 greitaeigi\u0173 duomen\u0173 perdavimo sistem\u0173 projektavimo ir diegimo paslaugas.<\/p>\n<p>Auk\u0161tos kvalifikacijos ir patyr\u0119 angl\u0173\/rus\u0173 kalbomis kalbantys profesionalai <strong>teikia 24 val. per par\u0105 palaikym\u0105<\/strong> ir mobilum\u0105 po vis\u0105 pasaul\u012f (\u012fskaitant objektus \u017eem\u0117je ir j\u016broje).<\/p>\n<p>Auk\u0161t\u0105 \u012fmon\u0117s veiklos kokyb\u0119 padeda u\u017etikrinti 2018 m. \u012ediegta <strong>kokyb\u0117s vadybos sistema<\/strong> ISO 900:2018.<\/p>\n<p>Nuolat steb\u0117dami ir analizuodami \u012fmon\u0117s tiekiamas paslaugas, <strong>keliame kokyb\u0117s standartus<\/strong>, taip u\u017etikrindami, kad klient\u0173 poreikiai ir l\u016bkes\u010diai b\u016bt\u0173 visada u\u017etikrinti.<\/p>\n<\/div><\/div><\/div><\/div><\/div><\/div><\/div><\/section><section class=\"l-section wpb_row height_medium\"><div class=\"l-section-h i-cf\"><div class=\"g-cols vc_row via_flex valign_top type_default stacking_default\"><div class=\"vc_col-sm-12 wpb_column vc_column_container\"><div class=\"vc_column-inner\"><div class=\"wpb_wrapper\"><div id=\"ultimate-heading-774869da64f192130\" class=\"uvc-heading ult-adjust-bottom-margin ultimate-heading-774869da64f192130 uvc-6851 \" data-hspacer=\"no_spacer\"  data-halign=\"center\" style=\"text-align:center\"><div class=\"uvc-heading-spacer no_spacer\" style=\"top\"><\/div><div class=\"uvc-main-heading ult-responsive\"  data-ultimate-target='.uvc-heading.ultimate-heading-774869da64f192130 h2'  data-responsive-json-new='{\"font-size\":\"\",\"line-height\":\"\"}' ><h2 style=\"font-weight:normal;\">\u0421\u0435\u0440\u0442\u0438\u0444\u0438\u043a\u0430\u0442\u044b<\/h2><\/div><\/div><div class=\"w-separator size_medium\"><\/div><div class=\"w-grid us_carousel type_carousel layout_gallery_default preload_style_spinner open_items_in_popup items_5\" id=\"us_grid_1\" style=\"--items:5;--gap:0.5rem;\"><style>.layout_gallery_default .w-grid-item-h{}<\/style><div class=\"w-grid-list owl-carousel valign_stretch dotstyle_circle navstyle_circle arrows-ver-pos_middle arrows-hor-pos_on_sides_outside arrows-disabled_hide owl-responsive-2000 with_arrows\" style=\"--transition-duration:350ms;--arrows-size:1.5rem;--arrows-hor-offset:calc(0px + 0.5rem);--arrows-gap:10px;\">\t<article class=\"w-grid-item post-1199 attachment type-attachment status-inherit hentry\" data-id=\"1199\">\r\n\t\t<div class=\"w-grid-item-h\">\r\n\t\t\t\t\t\t<div class=\"w-post-elm post_image usg_post_image_1 stretched\"><img loading=\"lazy\" decoding=\"async\" width=\"724\" height=\"1024\" src=\"https:\/\/www.santavilte.lt\/wp-content\/uploads\/2020\/11\/s-_0001_Santavilt\u0117_Certificate_EN-1-724x1024.jpg\" class=\"attachment-large size-large\" alt=\"\" srcset=\"https:\/\/www.santavilte.lt\/wp-content\/uploads\/2020\/11\/s-_0001_Santavilt\u0117_Certificate_EN-1-724x1024.jpg 724w, https:\/\/www.santavilte.lt\/wp-content\/uploads\/2020\/11\/s-_0001_Santavilt\u0117_Certificate_EN-1-212x300.jpg 212w, https:\/\/www.santavilte.lt\/wp-content\/uploads\/2020\/11\/s-_0001_Santavilt\u0117_Certificate_EN-1.jpg 800w\" sizes=\"auto, (max-width: 724px) 100vw, 724px\" \/><\/div>\t\t<\/div>\r\n\t\t\t<\/article>\r\n\t<article class=\"w-grid-item post-889 attachment type-attachment status-inherit hentry\" data-id=\"889\">\r\n\t\t<div class=\"w-grid-item-h\">\r\n\t\t\t\t\t\t<div class=\"w-post-elm post_image usg_post_image_1 stretched\"><img loading=\"lazy\" decoding=\"async\" width=\"724\" height=\"1024\" src=\"https:\/\/www.santavilte.lt\/wp-content\/uploads\/2020\/10\/ElektrosuagosAtestatas-1-724x1024.jpg\" class=\"attachment-large size-large\" alt=\"\" srcset=\"https:\/\/www.santavilte.lt\/wp-content\/uploads\/2020\/10\/ElektrosuagosAtestatas-1-724x1024.jpg 724w, https:\/\/www.santavilte.lt\/wp-content\/uploads\/2020\/10\/ElektrosuagosAtestatas-1-212x300.jpg 212w, https:\/\/www.santavilte.lt\/wp-content\/uploads\/2020\/10\/ElektrosuagosAtestatas-1.jpg 793w\" sizes=\"auto, (max-width: 724px) 100vw, 724px\" \/><\/div>\t\t<\/div>\r\n\t\t\t<\/article>\r\n\t<article class=\"w-grid-item post-356 attachment type-attachment status-inherit hentry\" data-id=\"356\">\r\n\t\t<div class=\"w-grid-item-h\">\r\n\t\t\t\t\t\t<div class=\"w-post-elm post_image usg_post_image_1 stretched\"><img loading=\"lazy\" decoding=\"async\" width=\"724\" height=\"1024\" src=\"https:\/\/www.santavilte.lt\/wp-content\/uploads\/2020\/09\/sertifikatas-1-724x1024.png\" class=\"attachment-large size-large\" alt=\"\" srcset=\"https:\/\/www.santavilte.lt\/wp-content\/uploads\/2020\/09\/sertifikatas-1-724x1024.png 724w, https:\/\/www.santavilte.lt\/wp-content\/uploads\/2020\/09\/sertifikatas-1-212x300.png 212w, https:\/\/www.santavilte.lt\/wp-content\/uploads\/2020\/09\/sertifikatas-1.png 800w\" sizes=\"auto, (max-width: 724px) 100vw, 724px\" \/><\/div>\t\t<\/div>\r\n\t\t\t<\/article>\r\n\t<article class=\"w-grid-item post-353 attachment type-attachment status-inherit hentry\" data-id=\"353\">\r\n\t\t<div class=\"w-grid-item-h\">\r\n\t\t\t\t\t\t<div class=\"w-post-elm post_image usg_post_image_1 stretched\"><img loading=\"lazy\" decoding=\"async\" width=\"724\" height=\"1024\" src=\"https:\/\/www.santavilte.lt\/wp-content\/uploads\/2020\/09\/s-_0002_ISOIQNET-724x1024.jpg\" class=\"attachment-large size-large\" alt=\"\" srcset=\"https:\/\/www.santavilte.lt\/wp-content\/uploads\/2020\/09\/s-_0002_ISOIQNET-724x1024.jpg 724w, https:\/\/www.santavilte.lt\/wp-content\/uploads\/2020\/09\/s-_0002_ISOIQNET-212x300.jpg 212w, https:\/\/www.santavilte.lt\/wp-content\/uploads\/2020\/09\/s-_0002_ISOIQNET.jpg 800w\" sizes=\"auto, (max-width: 724px) 100vw, 724px\" \/><\/div>\t\t<\/div>\r\n\t\t\t<\/article>\r\n\t<article class=\"w-grid-item post-352 attachment type-attachment status-inherit hentry\" data-id=\"352\">\r\n\t\t<div class=\"w-grid-item-h\">\r\n\t\t\t\t\t\t<div class=\"w-post-elm post_image usg_post_image_1 stretched\"><img loading=\"lazy\" decoding=\"async\" width=\"724\" height=\"1024\" src=\"https:\/\/www.santavilte.lt\/wp-content\/uploads\/2020\/09\/s-_0003_ISO9001-724x1024.jpg\" class=\"attachment-large size-large\" alt=\"\" srcset=\"https:\/\/www.santavilte.lt\/wp-content\/uploads\/2020\/09\/s-_0003_ISO9001-724x1024.jpg 724w, https:\/\/www.santavilte.lt\/wp-content\/uploads\/2020\/09\/s-_0003_ISO9001-212x300.jpg 212w, https:\/\/www.santavilte.lt\/wp-content\/uploads\/2020\/09\/s-_0003_ISO9001.jpg 800w\" sizes=\"auto, (max-width: 724px) 100vw, 724px\" \/><\/div>\t\t<\/div>\r\n\t\t\t<\/article>\r\n<\/div><div class=\"l-popup\">\r\n\t<div class=\"l-popup-overlay\"><\/div>\r\n\t<div class=\"l-popup-wrap\">\r\n\t\t<button class=\"l-popup-closer\" type=\"button\" aria-label=\"\u0417\u0430\u043a\u0440\u044b\u0442\u044c\"><\/button>\r\n\t\t\t\t\t<button class=\"l-popup-arrow to_prev hidden\" type=\"button\" title=\"\u041d\u0430\u0437\u0430\u0434\"><\/button>\r\n\t\t\t<button class=\"l-popup-arrow to_next hidden\" type=\"button\" title=\"\u0414\u0430\u043b\u0435\u0435\"><\/button>\r\n\t\t\t\t<div class=\"l-popup-box\">\r\n\t\t\t<div class=\"l-popup-box-content\">\r\n\t\t\t\t<div class=\"g-preloader type_1\">\r\n\t\t\t\t\t<div><\/div>\r\n\t\t\t\t<\/div>\r\n\t\t\t\t<iframe class=\"l-popup-box-content-frame\" allowfullscreen><\/iframe>\r\n\t\t\t<\/div>\r\n\t\t<\/div>\r\n\t<\/div>\r\n<\/div>\r\n<div class=\"w-grid-carousel-json hidden\" onclick='return {&quot;carousel_settings&quot;:{&quot;aria_labels&quot;:{&quot;prev&quot;:&quot;\\u041d\\u0430\\u0437\\u0430\\u0434&quot;,&quot;next&quot;:&quot;\\u0414\\u0430\\u043b\\u0435\\u0435&quot;},&quot;autoplayContinual&quot;:false,&quot;autoplayHoverPause&quot;:false,&quot;autoplayTimeout&quot;:3000,&quot;autoWidth&quot;:false,&quot;smartSpeed&quot;:350,&quot;margin&quot;:0,&quot;mouseDrag&quot;:true,&quot;rtl&quot;:false,&quot;slideBy&quot;:&quot;1&quot;,&quot;touchDrag&quot;:true,&quot;slideTransition&quot;:&quot;&quot;,&quot;responsive&quot;:{&quot;0&quot;:{&quot;autoHeight&quot;:false,&quot;autoplay&quot;:true,&quot;autoWidth&quot;:false,&quot;center&quot;:false,&quot;dots&quot;:false,&quot;items&quot;:1,&quot;loop&quot;:true,&quot;nav&quot;:false,&quot;stagePadding&quot;:0,&quot;slideBy&quot;:&quot;1&quot;},&quot;601&quot;:{&quot;autoHeight&quot;:false,&quot;autoplay&quot;:true,&quot;autoWidth&quot;:false,&quot;center&quot;:false,&quot;dots&quot;:false,&quot;items&quot;:2,&quot;loop&quot;:true,&quot;nav&quot;:true,&quot;stagePadding&quot;:0,&quot;slideBy&quot;:&quot;1&quot;},&quot;1025&quot;:{&quot;autoHeight&quot;:false,&quot;autoplay&quot;:true,&quot;autoWidth&quot;:false,&quot;center&quot;:false,&quot;dots&quot;:false,&quot;items&quot;:3,&quot;loop&quot;:true,&quot;nav&quot;:true,&quot;stagePadding&quot;:0,&quot;slideBy&quot;:&quot;1&quot;},&quot;1381&quot;:{&quot;items&quot;:5,&quot;autoplay&quot;:false,&quot;center&quot;:false,&quot;dots&quot;:false,&quot;nav&quot;:true,&quot;autoHeight&quot;:false,&quot;autoWidth&quot;:false,&quot;loop&quot;:false,&quot;stagePadding&quot;:0}}}}'><\/div><\/div><\/div><\/div><\/div><\/div><\/div><\/section>\n","protected":false},"excerpt":{"rendered":"","protected":false},"author":6,"featured_media":0,"parent":0,"menu_order":0,"comment_status":"closed","ping_status":"closed","template":"","meta":{"_acf_changed":false,"footnotes":""},"class_list":["post-343","page","type-page","status-publish","hentry"],"acf":[],"_links":{"self":[{"href":"https:\/\/www.santavilte.lt\/ru\/wp-json\/wp\/v2\/pages\/343\/"}],"collection":[{"href":"https:\/\/www.santavilte.lt\/ru\/wp-json\/wp\/v2\/pages\/"}],"about":[{"href":"https:\/\/www.santavilte.lt\/ru\/wp-json\/wp\/v2\/types\/page\/"}],"author":[{"embeddable":true,"href":"https:\/\/www.santavilte.lt\/ru\/wp-json\/wp\/v2\/users\/6\/"}],"replies":[{"embeddable":true,"href":"https:\/\/www.santavilte.lt\/ru\/wp-json\/wp\/v2\/comments\/?post=343"}],"version-history":[{"count":5,"href":"https:\/\/www.santavilte.lt\/ru\/wp-json\/wp\/v2\/pages\/343\/revisions\/"}],"predecessor-version":[{"id":1201,"href":"https:\/\/www.santavilte.lt\/ru\/wp-json\/wp\/v2\/pages\/343\/revisions\/1201\/"}],"wp:attachment":[{"href":"https:\/\/www.santavilte.lt\/ru\/wp-json\/wp\/v2\/media\/?parent=343"}],"curies":[{"name":"wp","href":"https:\/\/api.w.org\/{rel}","templated":true}]}}